{"id":7653,"date":"2019-10-16T16:13:12","date_gmt":"2019-10-16T14:13:12","guid":{"rendered":"https:\/\/www.canviemmontmelo.cat\/programa-electoral\/"},"modified":"2023-05-13T18:11:51","modified_gmt":"2023-05-13T16:11:51","slug":"programa-electoral","status":"publish","type":"page","link":"https:\/\/www.canviemmontmelo.cat\/es\/programa-electoral\/","title":{"rendered":"Programa electoral"},"content":{"rendered":"\t\t<div data-elementor-type=\"wp-page\" data-elementor-id=\"7653\" class=\"elementor elementor-7653 elementor-1483\" data-elementor-post-type=\"page\">\n\t\t\t\t\t\t<section class=\"elementor-section elementor-top-section elementor-element elementor-element-a094adc elementor-reverse-tablet elementor-reverse-mobile elementor-section-height-min-height elementor-section-boxed elementor-section-height-default elementor-section-items-middle\" data-id=\"a094adc\" data-element_type=\"section\" data-e-type=\"section\" data-settings=\"{&quot;background_background&quot;:&quot;gradient&quot;}\">\n\t\t\t\t\t\t\t<div class=\"elementor-background-overlay\"><\/div>\n\t\t\t\t\t\t\t<div class=\"elementor-container elementor-column-gap-wider\">\n\t\t\t\t\t<div class=\"elementor-column elementor-col-100 elementor-top-column elementor-element elementor-element-4a31993\" data-id=\"4a31993\" data-element_type=\"column\" data-e-type=\"column\">\n\t\t\t<div class=\"elementor-widget-wrap elementor-element-populated\">\n\t\t\t\t\t\t<div class=\"elementor-element elementor-element-848ac51 elementor-widget elementor-widget-heading\" data-id=\"848ac51\" data-element_type=\"widget\" data-e-type=\"widget\" data-widget_type=\"heading.default\">\n\t\t\t\t<div class=\"elementor-widget-container\">\n\t\t\t\t\t<h2 class=\"elementor-heading-title elementor-size-default\">Programa electoral<\/h2>\t\t\t\t<\/div>\n\t\t\t\t<\/div>\n\t\t\t\t<div class=\"elementor-element elementor-element-995a1e8 elementor-widget elementor-widget-spacer\" data-id=\"995a1e8\" data-element_type=\"widget\" data-e-type=\"widget\" data-widget_type=\"spacer.default\">\n\t\t\t\t<div class=\"elementor-widget-container\">\n\t\t\t\t\t\t\t<div class=\"elementor-spacer\">\n\t\t\t<div class=\"elementor-spacer-inner\"><\/div>\n\t\t<\/div>\n\t\t\t\t\t\t<\/div>\n\t\t\t\t<\/div>\n\t\t\t\t<div class=\"elementor-element elementor-element-3844998 elementor-widget elementor-widget-text-editor\" data-id=\"3844998\" data-element_type=\"widget\" data-e-type=\"widget\" data-widget_type=\"text-editor.default\">\n\t\t\t\t<div class=\"elementor-widget-container\">\n\t\t\t\t\t\t\t\t\t<p>Compromisos electorales para el cambio<\/p>\n\t\t\t\t\t\t\t\t<\/div>\n\t\t\t\t<\/div>\n\t\t\t\t\t<\/div>\n\t\t<\/div>\n\t\t\t\t\t<\/div>\n\t\t<\/section>\n\t\t\t\t<section class=\"elementor-section elementor-top-section elementor-element elementor-element-3799905 elementor-section-boxed elementor-section-height-default elementor-section-height-default\" data-id=\"3799905\" data-element_type=\"section\" data-e-type=\"section\" data-settings=\"{&quot;background_background&quot;:&quot;classic&quot;}\">\n\t\t\t\t\t\t<div class=\"elementor-container elementor-column-gap-wider\">\n\t\t\t\t\t<div class=\"elementor-column elementor-col-100 elementor-top-column elementor-element elementor-element-f04edd8\" data-id=\"f04edd8\" data-element_type=\"column\" data-e-type=\"column\">\n\t\t\t<div class=\"elementor-widget-wrap elementor-element-populated\">\n\t\t\t\t\t\t<div class=\"elementor-element elementor-element-d647242 elementor-widget elementor-widget-heading\" data-id=\"d647242\" data-element_type=\"widget\" data-e-type=\"widget\" data-widget_type=\"heading.default\">\n\t\t\t\t<div class=\"elementor-widget-container\">\n\t\t\t\t\t<h3 class=\"elementor-heading-title elementor-size-default\">Canviem Montmel\u00f3<\/h3>\t\t\t\t<\/div>\n\t\t\t\t<\/div>\n\t\t\t\t<div class=\"elementor-element elementor-element-c8bf43d elementor-widget elementor-widget-spacer\" data-id=\"c8bf43d\" data-element_type=\"widget\" data-e-type=\"widget\" data-widget_type=\"spacer.default\">\n\t\t\t\t<div class=\"elementor-widget-container\">\n\t\t\t\t\t\t\t<div class=\"elementor-spacer\">\n\t\t\t<div class=\"elementor-spacer-inner\"><\/div>\n\t\t<\/div>\n\t\t\t\t\t\t<\/div>\n\t\t\t\t<\/div>\n\t\t\t\t<div class=\"elementor-element elementor-element-c0998fb elementor-widget elementor-widget-heading\" data-id=\"c0998fb\" data-element_type=\"widget\" data-e-type=\"widget\" data-widget_type=\"heading.default\">\n\t\t\t\t<div class=\"elementor-widget-container\">\n\t\t\t\t\t<span class=\"elementor-heading-title elementor-size-default\">Lee aqu\u00ed o desc\u00e1rgate el programa electoral de Canviem Montmel\u00f3.<\/span>\t\t\t\t<\/div>\n\t\t\t\t<\/div>\n\t\t\t\t<div class=\"elementor-element elementor-element-ae9de74 elementor-widget elementor-widget-spacer\" data-id=\"ae9de74\" data-element_type=\"widget\" data-e-type=\"widget\" data-widget_type=\"spacer.default\">\n\t\t\t\t<div class=\"elementor-widget-container\">\n\t\t\t\t\t\t\t<div class=\"elementor-spacer\">\n\t\t\t<div class=\"elementor-spacer-inner\"><\/div>\n\t\t<\/div>\n\t\t\t\t\t\t<\/div>\n\t\t\t\t<\/div>\n\t\t\t\t<div class=\"elementor-element elementor-element-a868f9c elementor-widget__width-inherit elementor-widget elementor-widget-html\" data-id=\"a868f9c\" data-element_type=\"widget\" data-e-type=\"widget\" data-widget_type=\"html.default\">\n\t\t\t\t<div class=\"elementor-widget-container\">\n\t\t\t\t\t<iframe data-src=\"\/programa-electoral-cm-2023.pdf\" title=\"Programa Electoral\" style=\"width: 100%;height: 700px;border: none;\" src=\"data:image\/svg+xml;base64,PHN2ZyB3aWR0aD0iMSIgaGVpZ2h0PSIxIiB4bWxucz0iaHR0cDovL3d3dy53My5vcmcvMjAwMC9zdmciPjwvc3ZnPg==\" class=\"lazyload\" data-load-mode=\"1\"><\/iframe>\t\t\t\t<\/div>\n\t\t\t\t<\/div>\n\t\t\t\t\t<\/div>\n\t\t<\/div>\n\t\t\t\t\t<\/div>\n\t\t<\/section>\n\t\t\t\t<section class=\"elementor-section elementor-top-section elementor-element elementor-element-2986575 elementor-section-boxed elementor-section-height-default elementor-section-height-default\" data-id=\"2986575\" data-element_type=\"section\" data-e-type=\"section\" data-settings=\"{&quot;background_background&quot;:&quot;classic&quot;}\">\n\t\t\t\t\t\t\t<div class=\"elementor-background-overlay\"><\/div>\n\t\t\t\t\t\t\t<div class=\"elementor-container elementor-column-gap-wider\">\n\t\t\t\t\t<div class=\"elementor-column elementor-col-100 elementor-top-column elementor-element elementor-element-6b841f4\" data-id=\"6b841f4\" data-element_type=\"column\" data-e-type=\"column\">\n\t\t\t<div class=\"elementor-widget-wrap elementor-element-populated\">\n\t\t\t\t\t\t<div class=\"elementor-element elementor-element-bb794ff elementor-widget__width-initial elementor-widget elementor-widget-heading\" data-id=\"bb794ff\" data-element_type=\"widget\" data-e-type=\"widget\" data-widget_type=\"heading.default\">\n\t\t\t\t<div class=\"elementor-widget-container\">\n\t\t\t\t\t<h3 class=\"elementor-heading-title elementor-size-default\">Estamos aqu\u00ed para escucharte<\/h3>\t\t\t\t<\/div>\n\t\t\t\t<\/div>\n\t\t\t\t<div class=\"elementor-element elementor-element-1b87be6 elementor-align-center elementor-widget__width-auto elementor-widget elementor-widget-the7_button_widget\" data-id=\"1b87be6\" data-element_type=\"widget\" data-e-type=\"widget\" data-widget_type=\"the7_button_widget.default\">\n\t\t\t\t<div class=\"elementor-widget-container\">\n\t\t\t\t\t<div class=\"elementor-button-wrapper\"><a href=\"https:\/\/www.canviemmontmelo.cat\/contactar\/\" class=\"box-button elementor-button elementor-size-lg\">Contacta con nosotros<\/a><\/div>\t\t\t\t<\/div>\n\t\t\t\t<\/div>\n\t\t\t\t\t<\/div>\n\t\t<\/div>\n\t\t\t\t\t<\/div>\n\t\t<\/section>\n\t\t\t\t<\/div>\n\t\t","protected":false},"excerpt":{"rendered":"<p>Programa electoral Compromisos electorales para el cambio Canviem Montmel\u00f3 Lee aqu\u00ed o desc\u00e1rgate el programa electoral de Canviem Montmel\u00f3. Estamos aqu\u00ed para escucharte Contacta con nosotros<\/p>\n","protected":false},"author":2,"featured_media":0,"parent":0,"menu_order":20,"comment_status":"closed","ping_status":"closed","template":"elementor_header_footer","meta":{"footnotes":""},"class_list":["post-7653","page","type-page","status-publish","hentry"],"yoast_head":"<!-- This site is optimized with the Yoast SEO plugin v27.2 - https:\/\/yoast.com\/product\/yoast-seo-wordpress\/ -->\n<title>Programa electoral - Canviem Montmel\u00f3<\/title>\n<meta name=\"robots\" content=\"index, follow, max-snippet:-1, max-image-preview:large, max-video-preview:-1\" \/>\n<link rel=\"canonical\" href=\"https:\/\/www.canviemmontmelo.cat\/es\/programa-electoral\/\" \/>\n<meta property=\"og:locale\" content=\"es_ES\" \/>\n<meta property=\"og:type\" content=\"article\" \/>\n<meta property=\"og:title\" content=\"Programa electoral - Canviem Montmel\u00f3\" \/>\n<meta property=\"og:description\" content=\"Programa electoral Compromisos electorales para el cambio Canviem Montmel\u00f3 Lee aqu\u00ed o desc\u00e1rgate el programa electoral de Canviem Montmel\u00f3. Estamos aqu\u00ed para escucharte Contacta con nosotros\" \/>\n<meta property=\"og:url\" content=\"https:\/\/www.canviemmontmelo.cat\/es\/programa-electoral\/\" \/>\n<meta property=\"og:site_name\" content=\"Canviem Montmel\u00f3\" \/>\n<meta property=\"article:modified_time\" content=\"2023-05-13T16:11:51+00:00\" \/>\n<meta name=\"twitter:card\" content=\"summary_large_image\" \/>\n<script type=\"application\/ld+json\" class=\"yoast-schema-graph\">{\"@context\":\"https:\/\/schema.org\",\"@graph\":[{\"@type\":\"WebPage\",\"@id\":\"https:\/\/www.canviemmontmelo.cat\/es\/programa-electoral\/\",\"url\":\"https:\/\/www.canviemmontmelo.cat\/es\/programa-electoral\/\",\"name\":\"Programa electoral - Canviem Montmel\u00f3\",\"isPartOf\":{\"@id\":\"https:\/\/www.canviemmontmelo.cat\/es\/#website\"},\"datePublished\":\"2019-10-16T14:13:12+00:00\",\"dateModified\":\"2023-05-13T16:11:51+00:00\",\"breadcrumb\":{\"@id\":\"https:\/\/www.canviemmontmelo.cat\/es\/programa-electoral\/#breadcrumb\"},\"inLanguage\":\"es\",\"potentialAction\":[{\"@type\":\"ReadAction\",\"target\":[\"https:\/\/www.canviemmontmelo.cat\/es\/programa-electoral\/\"]}]},{\"@type\":\"BreadcrumbList\",\"@id\":\"https:\/\/www.canviemmontmelo.cat\/es\/programa-electoral\/#breadcrumb\",\"itemListElement\":[{\"@type\":\"ListItem\",\"position\":1,\"name\":\"Inici\",\"item\":\"https:\/\/www.canviemmontmelo.cat\/es\/\"},{\"@type\":\"ListItem\",\"position\":2,\"name\":\"Programa electoral\"}]},{\"@type\":\"WebSite\",\"@id\":\"https:\/\/www.canviemmontmelo.cat\/es\/#website\",\"url\":\"https:\/\/www.canviemmontmelo.cat\/es\/\",\"name\":\"Canviem Montmel\u00f3\",\"description\":\"Som l\u2019alternativa d&#039;esquerres pel nostre poble\",\"publisher\":{\"@id\":\"https:\/\/www.canviemmontmelo.cat\/es\/#organization\"},\"potentialAction\":[{\"@type\":\"SearchAction\",\"target\":{\"@type\":\"EntryPoint\",\"urlTemplate\":\"https:\/\/www.canviemmontmelo.cat\/es\/?s={search_term_string}\"},\"query-input\":{\"@type\":\"PropertyValueSpecification\",\"valueRequired\":true,\"valueName\":\"search_term_string\"}}],\"inLanguage\":\"es\"},{\"@type\":\"Organization\",\"@id\":\"https:\/\/www.canviemmontmelo.cat\/es\/#organization\",\"name\":\"Canviem Montmel\u00f3\",\"url\":\"https:\/\/www.canviemmontmelo.cat\/es\/\",\"logo\":{\"@type\":\"ImageObject\",\"inLanguage\":\"es\",\"@id\":\"https:\/\/www.canviemmontmelo.cat\/es\/#\/schema\/logo\/image\/\",\"url\":\"https:\/\/www.canviemmontmelo.cat\/wp-content\/uploads\/2022\/06\/logo-CMo-Blanc.png\",\"contentUrl\":\"https:\/\/www.canviemmontmelo.cat\/wp-content\/uploads\/2022\/06\/logo-CMo-Blanc.png\",\"width\":307,\"height\":117,\"caption\":\"Canviem Montmel\u00f3\"},\"image\":{\"@id\":\"https:\/\/www.canviemmontmelo.cat\/es\/#\/schema\/logo\/image\/\"}}]}<\/script>\n<!-- \/ Yoast SEO plugin. -->","yoast_head_json":{"title":"Programa electoral - Canviem Montmel\u00f3","robots":{"index":"index","follow":"follow","max-snippet":"max-snippet:-1","max-image-preview":"max-image-preview:large","max-video-preview":"max-video-preview:-1"},"canonical":"https:\/\/www.canviemmontmelo.cat\/es\/programa-electoral\/","og_locale":"es_ES","og_type":"article","og_title":"Programa electoral - Canviem Montmel\u00f3","og_description":"Programa electoral Compromisos electorales para el cambio Canviem Montmel\u00f3 Lee aqu\u00ed o desc\u00e1rgate el programa electoral de Canviem Montmel\u00f3. Estamos aqu\u00ed para escucharte Contacta con nosotros","og_url":"https:\/\/www.canviemmontmelo.cat\/es\/programa-electoral\/","og_site_name":"Canviem Montmel\u00f3","article_modified_time":"2023-05-13T16:11:51+00:00","twitter_card":"summary_large_image","schema":{"@context":"https:\/\/schema.org","@graph":[{"@type":"WebPage","@id":"https:\/\/www.canviemmontmelo.cat\/es\/programa-electoral\/","url":"https:\/\/www.canviemmontmelo.cat\/es\/programa-electoral\/","name":"Programa electoral - Canviem Montmel\u00f3","isPartOf":{"@id":"https:\/\/www.canviemmontmelo.cat\/es\/#website"},"datePublished":"2019-10-16T14:13:12+00:00","dateModified":"2023-05-13T16:11:51+00:00","breadcrumb":{"@id":"https:\/\/www.canviemmontmelo.cat\/es\/programa-electoral\/#breadcrumb"},"inLanguage":"es","potentialAction":[{"@type":"ReadAction","target":["https:\/\/www.canviemmontmelo.cat\/es\/programa-electoral\/"]}]},{"@type":"BreadcrumbList","@id":"https:\/\/www.canviemmontmelo.cat\/es\/programa-electoral\/#breadcrumb","itemListElement":[{"@type":"ListItem","position":1,"name":"Inici","item":"https:\/\/www.canviemmontmelo.cat\/es\/"},{"@type":"ListItem","position":2,"name":"Programa electoral"}]},{"@type":"WebSite","@id":"https:\/\/www.canviemmontmelo.cat\/es\/#website","url":"https:\/\/www.canviemmontmelo.cat\/es\/","name":"Canviem Montmel\u00f3","description":"Som l\u2019alternativa d&#039;esquerres pel nostre poble","publisher":{"@id":"https:\/\/www.canviemmontmelo.cat\/es\/#organization"},"potentialAction":[{"@type":"SearchAction","target":{"@type":"EntryPoint","urlTemplate":"https:\/\/www.canviemmontmelo.cat\/es\/?s={search_term_string}"},"query-input":{"@type":"PropertyValueSpecification","valueRequired":true,"valueName":"search_term_string"}}],"inLanguage":"es"},{"@type":"Organization","@id":"https:\/\/www.canviemmontmelo.cat\/es\/#organization","name":"Canviem Montmel\u00f3","url":"https:\/\/www.canviemmontmelo.cat\/es\/","logo":{"@type":"ImageObject","inLanguage":"es","@id":"https:\/\/www.canviemmontmelo.cat\/es\/#\/schema\/logo\/image\/","url":"https:\/\/www.canviemmontmelo.cat\/wp-content\/uploads\/2022\/06\/logo-CMo-Blanc.png","contentUrl":"https:\/\/www.canviemmontmelo.cat\/wp-content\/uploads\/2022\/06\/logo-CMo-Blanc.png","width":307,"height":117,"caption":"Canviem Montmel\u00f3"},"image":{"@id":"https:\/\/www.canviemmontmelo.cat\/es\/#\/schema\/logo\/image\/"}}]}},"_links":{"self":[{"href":"https:\/\/www.canviemmontmelo.cat\/es\/wp-json\/wp\/v2\/pages\/7653","targetHints":{"allow":["GET"]}}],"collection":[{"href":"https:\/\/www.canviemmontmelo.cat\/es\/wp-json\/wp\/v2\/pages"}],"about":[{"href":"https:\/\/www.canviemmontmelo.cat\/es\/wp-json\/wp\/v2\/types\/page"}],"author":[{"embeddable":true,"href":"https:\/\/www.canviemmontmelo.cat\/es\/wp-json\/wp\/v2\/users\/2"}],"replies":[{"embeddable":true,"href":"https:\/\/www.canviemmontmelo.cat\/es\/wp-json\/wp\/v2\/comments?post=7653"}],"version-history":[{"count":2,"href":"https:\/\/www.canviemmontmelo.cat\/es\/wp-json\/wp\/v2\/pages\/7653\/revisions"}],"predecessor-version":[{"id":8282,"href":"https:\/\/www.canviemmontmelo.cat\/es\/wp-json\/wp\/v2\/pages\/7653\/revisions\/8282"}],"wp:attachment":[{"href":"https:\/\/www.canviemmontmelo.cat\/es\/wp-json\/wp\/v2\/media?parent=7653"}],"curies":[{"name":"wp","href":"https:\/\/api.w.org\/{rel}","templated":true}]}}